{"id":10,"date":"2026-03-10T19:52:29","date_gmt":"2026-03-10T19:52:29","guid":{"rendered":"https:\/\/findrway.com\/?page_id=10"},"modified":"2026-03-10T22:20:08","modified_gmt":"2026-03-10T22:20:08","slug":"accueil","status":"publish","type":"page","link":"https:\/\/findrway.com\/","title":{"rendered":"Accueil"},"content":{"rendered":"\n<p><strong>FINDRWAY<\/strong><br>Cabinet de recrutement ind\u00e9pendant<\/p>\n\n\n\n<p>FINDRWAY accompagne les entreprises dans le recrutement de profils cl\u00e9s, avec une approche exigeante, cibl\u00e9e et pens\u00e9e pour durer.<\/p>\n\n\n\n<p><strong>Ce que fait FINDRWAY<\/strong><\/p>\n\n\n\n<p>FINDRWAY accompagne les entreprises sur des recrutements cl\u00e9s, en France et \u00e0 l\u2019international, avec une expertise particuli\u00e8rement reconnue dans les environnements Tech, Produit, Data, IA et Cybers\u00e9curit\u00e9, ainsi que sur les fonctions de direction, de management et d\u2019expertise.<\/p>\n\n\n\n<p><strong>Ce qui fait la diff\u00e9rence<\/strong><\/p>\n\n\n\n<p>Une solide exp\u00e9rience du recrutement construite majoritairement au sein des entreprises. Cette lecture directe de leurs enjeux permet de comprendre rapidement les besoins, d\u2019identifier les profils les plus pertinents et de construire des recrutements pens\u00e9s pour cr\u00e9er de la valeur dans la dur\u00e9e.<\/p>\n\n\n\n<p><strong>\u00c0 propos<\/strong><\/p>\n\n\n\n<p>FINDRWAY a \u00e9t\u00e9 fond\u00e9 par Jean-Charles Boisnard, dont le parcours s\u2019est construit principalement au sein des entreprises, au plus pr\u00e8s de leurs m\u00e9tiers, de leurs enjeux de structuration et de leurs besoins de recrutement.<\/p>\n\n\n\n<p>L\u2019objectif : apporter aux entreprises un recrutement cibl\u00e9, exigeant et pertinent, avec une attention particuli\u00e8re port\u00e9e \u00e0 la valeur cr\u00e9\u00e9e dans la dur\u00e9e.<\/p>\n\n\n\n<p><strong>\u00c9changeons<\/strong><\/p>\n\n\n\n<p>Vous avez un recrutement en cours, un besoin de structuration ou une recherche complexe \u00e0 mener ? FINDRWAY vous accompagne avec une approche cibl\u00e9e, exigeante et adapt\u00e9e \u00e0 votre contexte.<\/p>\n\n\n\n<p><\/p>\n","protected":false},"excerpt":{"rendered":"<p>FINDRWAYCabinet de recrutement ind\u00e9pendant FINDRWAY accompagne les entreprises dans le recrutement de profils cl\u00e9s, avec une approche exigeante, cibl\u00e9e et pens\u00e9e pour durer. Ce que fait FINDRWAY FINDRWAY accompagne les entreprises sur des recrutements cl\u00e9s, en France et \u00e0 l\u2019international, avec une expertise particuli\u00e8rement reconnue dans les environnements Tech, Produit, Data, IA et Cybers\u00e9curit\u00e9, ainsi [&hellip;]<\/p>\n","protected":false},"author":1,"featured_media":0,"parent":0,"menu_order":0,"comment_status":"closed","ping_status":"closed","template":"","meta":{"footnotes":""},"class_list":["post-10","page","type-page","status-publish","hentry"],"_links":{"self":[{"href":"https:\/\/findrway.com\/index.php?rest_route=\/wp\/v2\/pages\/10","targetHints":{"allow":["GET"]}}],"collection":[{"href":"https:\/\/findrway.com\/index.php?rest_route=\/wp\/v2\/pages"}],"about":[{"href":"https:\/\/findrway.com\/index.php?rest_route=\/wp\/v2\/types\/page"}],"author":[{"embeddable":true,"href":"https:\/\/findrway.com\/index.php?rest_route=\/wp\/v2\/users\/1"}],"replies":[{"embeddable":true,"href":"https:\/\/findrway.com\/index.php?rest_route=%2Fwp%2Fv2%2Fcomments&post=10"}],"version-history":[{"count":5,"href":"https:\/\/findrway.com\/index.php?rest_route=\/wp\/v2\/pages\/10\/revisions"}],"predecessor-version":[{"id":21,"href":"https:\/\/findrway.com\/index.php?rest_route=\/wp\/v2\/pages\/10\/revisions\/21"}],"wp:attachment":[{"href":"https:\/\/findrway.com\/index.php?rest_route=%2Fwp%2Fv2%2Fmedia&parent=10"}],"curies":[{"name":"wp","href":"https:\/\/api.w.org\/{rel}","templated":true}]}}